{"id":200,"date":"2022-11-17T10:21:42","date_gmt":"2022-11-17T09:21:42","guid":{"rendered":"https:\/\/drcsontosborbala.hu\/dokumentumok\/"},"modified":"2022-11-23T12:03:39","modified_gmt":"2022-11-23T11:03:39","slug":"documents","status":"publish","type":"page","link":"https:\/\/drcsontosborbala.hu\/en\/documents\/","title":{"rendered":"Documents"},"content":{"rendered":"<ul>\n<li><a href=\"https:\/\/drcsontosborbala.hu\/wp-content\/uploads\/2022\/11\/philips-zoom.pdf\" target=\"_blank\" rel=\"noopener\">Philips Zoom<\/a><\/li>\n<li><a href=\"https:\/\/drcsontosborbala.hu\/wp-content\/uploads\/2022\/11\/koronak.pdf\" target=\"_blank\" rel=\"noopener\">Beleegyez\u0151 nyilatkozat Koron\u00e1k\/hidak k\u00e9sz\u00edt\u00e9s\u00e9hez<\/a><\/li>\n<li><a href=\"https:\/\/drcsontosborbala.hu\/wp-content\/uploads\/2022\/11\/horkolasgatlo.pdf\" target=\"_blank\" rel=\"noopener\">Silensor-sl horkol\u00e1sg\u00e1tl\u00f3 eszk\u00f6z<\/a><\/li>\n<li><a href=\"https:\/\/drcsontosborbala.hu\/wp-content\/uploads\/2022\/11\/gyokerkezeles.pdf\" target=\"_blank\" rel=\"noopener\">A gy\u00f6k\u00e9rkezel\u00e9s menet\u00e9re vonatkoz\u00f3 t\u00e1j\u00e9koztat\u00f3 \u00e9s beleegyez\u0151 nyilatkozat<\/a><\/li>\n<li><a href=\"https:\/\/drcsontosborbala.hu\/wp-content\/uploads\/2022\/11\/fogtechnika.pdf\" target=\"_blank\" rel=\"noopener\">Fogtechnikai fogm\u0171vek, fogp\u00f3tl\u00e1sok elfogad\u00f3 nyilatkozata<\/a><\/li>\n<li><a href=\"https:\/\/drcsontosborbala.hu\/wp-content\/uploads\/2022\/11\/fogfeherites.pdf\" target=\"_blank\" rel=\"noopener\">P\u00e1ciens t\u00e1j\u00e9koztat\u00f3 \u00e9s beleegyez\u0151 nyilatkozat Rendel\u0151i fogfeh\u00e9r\u00edt\u00e9shez<\/a><\/li>\n<li><a href=\"https:\/\/drcsontosborbala.hu\/wp-content\/uploads\/2022\/11\/fogeltavolitas.pdf\" target=\"_blank\" rel=\"noopener\">Fogelt\u00e1vol\u00edt\u00e1s &#8211; Beleegyez\u0151 nyilatkozat<\/a><\/li>\n<li><a href=\"https:\/\/drcsontosborbala.hu\/wp-content\/uploads\/2022\/11\/adatfelvetel.pdf\" target=\"_blank\" rel=\"noopener\">Adatfelv\u00e9teli lap<\/a><\/li>\n<\/ul>\n","protected":false},"excerpt":{"rendered":"<p>Philips Zoom Beleegyez\u0151 nyilatkozat Koron\u00e1k\/hidak k\u00e9sz\u00edt\u00e9s\u00e9hez Silensor-sl horkol\u00e1sg\u00e1tl\u00f3 eszk\u00f6z A gy\u00f6k\u00e9rkezel\u00e9s menet\u00e9re vonatkoz\u00f3 t\u00e1j\u00e9koztat\u00f3 \u00e9s beleegyez\u0151 nyilatkozat Fogtechnikai fogm\u0171vek, fogp\u00f3tl\u00e1sok elfogad\u00f3 nyilatkozata P\u00e1ciens t\u00e1j\u00e9koztat\u00f3 \u00e9s beleegyez\u0151 nyilatkozat Rendel\u0151i fogfeh\u00e9r\u00edt\u00e9shez Fogelt\u00e1vol\u00edt\u00e1s &#8211; Beleegyez\u0151 nyilatkozat Adatfelv\u00e9teli lap<\/p>\n","protected":false},"author":1,"featured_media":0,"parent":0,"menu_order":0,"comment_status":"closed","ping_status":"closed","template":"","meta":{"_acf_changed":false,"footnotes":""},"class_list":["post-200","page","type-page","status-publish","hentry"],"acf":[],"yoast_head":"<!-- This site is optimized with the Yoast SEO Premium plugin v24.6 (Yoast SEO v24.7) - https:\/\/yoast.com\/wordpress\/plugins\/seo\/ -->\n<title>Documents - Dr. Csontos Borb\u00e1la<\/title>\n<meta name=\"robots\" content=\"index, follow, max-snippet:-1, max-image-preview:large, max-video-preview:-1\" \/>\n<link rel=\"canonical\" href=\"https:\/\/drcsontosborbala.hu\/en\/documents\/\" \/>\n<meta property=\"og:locale\" content=\"en_US\" \/>\n<meta property=\"og:type\" content=\"article\" \/>\n<meta property=\"og:title\" content=\"Documents - Dr. Csontos Borb\u00e1la\" \/>\n<meta property=\"og:description\" content=\"Philips Zoom Beleegyez\u0151 nyilatkozat Koron\u00e1k\/hidak k\u00e9sz\u00edt\u00e9s\u00e9hez Silensor-sl horkol\u00e1sg\u00e1tl\u00f3 eszk\u00f6z A gy\u00f6k\u00e9rkezel\u00e9s menet\u00e9re vonatkoz\u00f3 t\u00e1j\u00e9koztat\u00f3 \u00e9s beleegyez\u0151 nyilatkozat Fogtechnikai fogm\u0171vek, fogp\u00f3tl\u00e1sok elfogad\u00f3 nyilatkozata P\u00e1ciens t\u00e1j\u00e9koztat\u00f3 \u00e9s beleegyez\u0151 nyilatkozat Rendel\u0151i fogfeh\u00e9r\u00edt\u00e9shez Fogelt\u00e1vol\u00edt\u00e1s &#8211; Beleegyez\u0151 nyilatkozat Adatfelv\u00e9teli lap\" \/>\n<meta property=\"og:url\" content=\"https:\/\/drcsontosborbala.hu\/en\/documents\/\" \/>\n<meta property=\"og:site_name\" content=\"Dr. Csontos Borb\u00e1la\" \/>\n<meta property=\"article:modified_time\" content=\"2022-11-23T11:03:39+00:00\" \/>\n<meta name=\"twitter:card\" content=\"summary_large_image\" \/>\n<meta name=\"twitter:label1\" content=\"Est. reading time\" \/>\n\t<meta name=\"twitter:data1\" content=\"1 minute\" \/>\n<script type=\"application\/ld+json\" class=\"yoast-schema-graph\">{\"@context\":\"https:\/\/schema.org\",\"@graph\":[{\"@type\":\"WebPage\",\"@id\":\"https:\/\/drcsontosborbala.hu\/en\/documents\/\",\"url\":\"https:\/\/drcsontosborbala.hu\/en\/documents\/\",\"name\":\"Documents - Dr. Csontos Borb\u00e1la\",\"isPartOf\":{\"@id\":\"https:\/\/drcsontosborbala.hu\/#website\"},\"datePublished\":\"2022-11-17T09:21:42+00:00\",\"dateModified\":\"2022-11-23T11:03:39+00:00\",\"inLanguage\":\"en-US\",\"potentialAction\":[{\"@type\":\"ReadAction\",\"target\":[\"https:\/\/drcsontosborbala.hu\/en\/documents\/\"]}]},{\"@type\":\"WebSite\",\"@id\":\"https:\/\/drcsontosborbala.hu\/#website\",\"url\":\"https:\/\/drcsontosborbala.hu\/\",\"name\":\"Dr. Csontos Borb\u00e1la\",\"description\":\"\",\"potentialAction\":[{\"@type\":\"SearchAction\",\"target\":{\"@type\":\"EntryPoint\",\"urlTemplate\":\"https:\/\/drcsontosborbala.hu\/?s={search_term_string}\"},\"query-input\":{\"@type\":\"PropertyValueSpecification\",\"valueRequired\":true,\"valueName\":\"search_term_string\"}}],\"inLanguage\":\"en-US\"}]}<\/script>\n<!-- \/ Yoast SEO Premium plugin. -->","yoast_head_json":{"title":"Documents - Dr. Csontos Borb\u00e1la","robots":{"index":"index","follow":"follow","max-snippet":"max-snippet:-1","max-image-preview":"max-image-preview:large","max-video-preview":"max-video-preview:-1"},"canonical":"https:\/\/drcsontosborbala.hu\/en\/documents\/","og_locale":"en_US","og_type":"article","og_title":"Documents - Dr. Csontos Borb\u00e1la","og_description":"Philips Zoom Beleegyez\u0151 nyilatkozat Koron\u00e1k\/hidak k\u00e9sz\u00edt\u00e9s\u00e9hez Silensor-sl horkol\u00e1sg\u00e1tl\u00f3 eszk\u00f6z A gy\u00f6k\u00e9rkezel\u00e9s menet\u00e9re vonatkoz\u00f3 t\u00e1j\u00e9koztat\u00f3 \u00e9s beleegyez\u0151 nyilatkozat Fogtechnikai fogm\u0171vek, fogp\u00f3tl\u00e1sok elfogad\u00f3 nyilatkozata P\u00e1ciens t\u00e1j\u00e9koztat\u00f3 \u00e9s beleegyez\u0151 nyilatkozat Rendel\u0151i fogfeh\u00e9r\u00edt\u00e9shez Fogelt\u00e1vol\u00edt\u00e1s &#8211; Beleegyez\u0151 nyilatkozat Adatfelv\u00e9teli lap","og_url":"https:\/\/drcsontosborbala.hu\/en\/documents\/","og_site_name":"Dr. Csontos Borb\u00e1la","article_modified_time":"2022-11-23T11:03:39+00:00","twitter_card":"summary_large_image","twitter_misc":{"Est. reading time":"1 minute"},"schema":{"@context":"https:\/\/schema.org","@graph":[{"@type":"WebPage","@id":"https:\/\/drcsontosborbala.hu\/en\/documents\/","url":"https:\/\/drcsontosborbala.hu\/en\/documents\/","name":"Documents - Dr. Csontos Borb\u00e1la","isPartOf":{"@id":"https:\/\/drcsontosborbala.hu\/#website"},"datePublished":"2022-11-17T09:21:42+00:00","dateModified":"2022-11-23T11:03:39+00:00","inLanguage":"en-US","potentialAction":[{"@type":"ReadAction","target":["https:\/\/drcsontosborbala.hu\/en\/documents\/"]}]},{"@type":"WebSite","@id":"https:\/\/drcsontosborbala.hu\/#website","url":"https:\/\/drcsontosborbala.hu\/","name":"Dr. Csontos Borb\u00e1la","description":"","potentialAction":[{"@type":"SearchAction","target":{"@type":"EntryPoint","urlTemplate":"https:\/\/drcsontosborbala.hu\/?s={search_term_string}"},"query-input":{"@type":"PropertyValueSpecification","valueRequired":true,"valueName":"search_term_string"}}],"inLanguage":"en-US"}]}},"_links":{"self":[{"href":"https:\/\/drcsontosborbala.hu\/en\/wp-json\/wp\/v2\/pages\/200","targetHints":{"allow":["GET"]}}],"collection":[{"href":"https:\/\/drcsontosborbala.hu\/en\/wp-json\/wp\/v2\/pages"}],"about":[{"href":"https:\/\/drcsontosborbala.hu\/en\/wp-json\/wp\/v2\/types\/page"}],"author":[{"embeddable":true,"href":"https:\/\/drcsontosborbala.hu\/en\/wp-json\/wp\/v2\/users\/1"}],"replies":[{"embeddable":true,"href":"https:\/\/drcsontosborbala.hu\/en\/wp-json\/wp\/v2\/comments?post=200"}],"version-history":[{"count":1,"href":"https:\/\/drcsontosborbala.hu\/en\/wp-json\/wp\/v2\/pages\/200\/revisions"}],"predecessor-version":[{"id":201,"href":"https:\/\/drcsontosborbala.hu\/en\/wp-json\/wp\/v2\/pages\/200\/revisions\/201"}],"wp:attachment":[{"href":"https:\/\/drcsontosborbala.hu\/en\/wp-json\/wp\/v2\/media?parent=200"}],"curies":[{"name":"wp","href":"https:\/\/api.w.org\/{rel}","templated":true}]}}